{"id":104,"date":"2022-10-19T15:00:56","date_gmt":"2022-10-19T18:00:56","guid":{"rendered":"https:\/\/origenes.unam.edu.ar\/?page_id=104"},"modified":"2023-01-22T02:28:49","modified_gmt":"2023-01-22T05:28:49","slug":"home","status":"publish","type":"page","link":"https:\/\/origenes.unam.edu.ar\/","title":{"rendered":""},"content":{"rendered":"\t\t<div data-elementor-type=\"wp-page\" data-elementor-id=\"104\" class=\"elementor elementor-104\">\n\t\t\t\t\t\t\t\t\t<section class=\"elementor-section elementor-top-section elementor-element elementor-element-a40062b elementor-section-full_width elementor-section-height-default elementor-section-height-default\" data-id=\"a40062b\" data-element_type=\"section\">\n\t\t\t\t\t\t<div class=\"elementor-container elementor-column-gap-default\">\n\t\t\t\t\t<div class=\"elementor-column elementor-col-33 elementor-top-column elementor-element elementor-element-73c38dc\" data-id=\"73c38dc\" data-element_type=\"column\">\n\t\t\t<div class=\"elementor-widget-wrap elementor-element-populated\">\n\t\t\t\t\t\t\t\t<div class=\"elementor-element elementor-element-798a368 elementor-widget elementor-widget-image\" data-id=\"798a368\" data-element_type=\"widget\" data-widget_type=\"image.default\">\n\t\t\t\t<div class=\"elementor-widget-container\">\n\t\t\t<style>\/*! elementor - v3.7.8 - 02-10-2022 *\/\n.elementor-widget-image{text-align:center}.elementor-widget-image a{display:inline-block}.elementor-widget-image a img[src$=\".svg\"]{width:48px}.elementor-widget-image img{vertical-align:middle;display:inline-block}<\/style>\t\t\t\t\t\t\t\t\t<figure class=\"wp-caption\">\n\t\t\t\t\t\t\t\t\t\t\t<a href=\"https:\/\/origenes.unam.edu.ar\/index.php\/lucy\/\">\n\t\t\t\t\t\t\t<img loading=\"lazy\" decoding=\"async\" width=\"640\" height=\"676\" src=\"https:\/\/origenes.unam.edu.ar\/wp-content\/uploads\/2022\/07\/Lucy-768x811.png\" class=\"attachment-medium_large size-medium_large\" alt=\"\" srcset=\"https:\/\/origenes.unam.edu.ar\/wp-content\/uploads\/2022\/07\/Lucy-768x811.png 768w, https:\/\/origenes.unam.edu.ar\/wp-content\/uploads\/2022\/07\/Lucy-284x300.png 284w, https:\/\/origenes.unam.edu.ar\/wp-content\/uploads\/2022\/07\/Lucy-969x1024.png 969w, https:\/\/origenes.unam.edu.ar\/wp-content\/uploads\/2022\/07\/Lucy-1454x1536.png 1454w, https:\/\/origenes.unam.edu.ar\/wp-content\/uploads\/2022\/07\/Lucy-1939x2048.png 1939w, https:\/\/origenes.unam.edu.ar\/wp-content\/uploads\/2022\/07\/Lucy-300x317.png 300w, https:\/\/origenes.unam.edu.ar\/wp-content\/uploads\/2022\/07\/Lucy-850x898.png 850w\" sizes=\"auto, (max-width: 640px) 100vw, 640px\" \/>\t\t\t\t\t\t\t\t<\/a>\n\t\t\t\t\t\t\t\t\t\t\t<figcaption class=\"widget-image-caption wp-caption-text\">Australopithecus afarensis<\/figcaption>\n\t\t\t\t\t\t\t\t\t\t<\/figure>\n\t\t\t\t\t\t\t\t\t<\/div>\n\t\t\t\t<\/div>\n\t\t\t\t\t<\/div>\n\t\t<\/div>\n\t\t\t\t<div class=\"elementor-column elementor-col-33 elementor-top-column elementor-element elementor-element-2b8a0b1\" data-id=\"2b8a0b1\" data-element_type=\"column\">\n\t\t\t<div class=\"elementor-widget-wrap elementor-element-populated\">\n\t\t\t\t\t\t\t\t<div class=\"elementor-element elementor-element-a1221b0 elementor-widget elementor-widget-image\" data-id=\"a1221b0\" data-element_type=\"widget\" data-widget_type=\"image.default\">\n\t\t\t\t<div class=\"elementor-widget-container\">\n\t\t\t\t\t\t\t\t\t\t\t\t<figure class=\"wp-caption\">\n\t\t\t\t\t\t\t\t\t\t\t<a href=\"https:\/\/origenes.unam.edu.ar\/index.php\/taung\/\">\n\t\t\t\t\t\t\t<img loading=\"lazy\" decoding=\"async\" width=\"640\" height=\"676\" src=\"https:\/\/origenes.unam.edu.ar\/wp-content\/uploads\/2022\/10\/Nino-de-Taung-768x811.png\" class=\"attachment-medium_large size-medium_large\" alt=\"\" srcset=\"https:\/\/origenes.unam.edu.ar\/wp-content\/uploads\/2022\/10\/Nino-de-Taung-768x811.png 768w, https:\/\/origenes.unam.edu.ar\/wp-content\/uploads\/2022\/10\/Nino-de-Taung-284x300.png 284w, https:\/\/origenes.unam.edu.ar\/wp-content\/uploads\/2022\/10\/Nino-de-Taung-969x1024.png 969w, https:\/\/origenes.unam.edu.ar\/wp-content\/uploads\/2022\/10\/Nino-de-Taung-1454x1536.png 1454w, https:\/\/origenes.unam.edu.ar\/wp-content\/uploads\/2022\/10\/Nino-de-Taung-1939x2048.png 1939w, https:\/\/origenes.unam.edu.ar\/wp-content\/uploads\/2022\/10\/Nino-de-Taung-300x317.png 300w, https:\/\/origenes.unam.edu.ar\/wp-content\/uploads\/2022\/10\/Nino-de-Taung-850x898.png 850w\" sizes=\"auto, (max-width: 640px) 100vw, 640px\" \/>\t\t\t\t\t\t\t\t<\/a>\n\t\t\t\t\t\t\t\t\t\t\t<figcaption class=\"widget-image-caption wp-caption-text\">Australopithecus africanus<\/figcaption>\n\t\t\t\t\t\t\t\t\t\t<\/figure>\n\t\t\t\t\t\t\t\t\t<\/div>\n\t\t\t\t<\/div>\n\t\t\t\t\t<\/div>\n\t\t<\/div>\n\t\t\t\t<div class=\"elementor-column elementor-col-33 elementor-top-column elementor-element elementor-element-2ea9a41\" data-id=\"2ea9a41\" data-element_type=\"column\">\n\t\t\t<div class=\"elementor-widget-wrap elementor-element-populated\">\n\t\t\t\t\t\t\t\t<div class=\"elementor-element elementor-element-eef1bb1 elementor-widget elementor-widget-image\" data-id=\"eef1bb1\" data-element_type=\"widget\" data-widget_type=\"image.default\">\n\t\t\t\t<div class=\"elementor-widget-container\">\n\t\t\t\t\t\t\t\t\t\t\t\t<figure class=\"wp-caption\">\n\t\t\t\t\t\t\t\t\t\t\t<a href=\"https:\/\/origenes.unam.edu.ar\/index.php\/cascanueces\/\">\n\t\t\t\t\t\t\t<img loading=\"lazy\" decoding=\"async\" width=\"640\" height=\"676\" src=\"https:\/\/origenes.unam.edu.ar\/wp-content\/uploads\/2022\/10\/Cascanueces-768x811.png\" class=\"attachment-medium_large size-medium_large\" alt=\"\" srcset=\"https:\/\/origenes.unam.edu.ar\/wp-content\/uploads\/2022\/10\/Cascanueces-768x811.png 768w, https:\/\/origenes.unam.edu.ar\/wp-content\/uploads\/2022\/10\/Cascanueces-284x300.png 284w, https:\/\/origenes.unam.edu.ar\/wp-content\/uploads\/2022\/10\/Cascanueces-969x1024.png 969w, https:\/\/origenes.unam.edu.ar\/wp-content\/uploads\/2022\/10\/Cascanueces-1454x1536.png 1454w, https:\/\/origenes.unam.edu.ar\/wp-content\/uploads\/2022\/10\/Cascanueces-1939x2048.png 1939w, https:\/\/origenes.unam.edu.ar\/wp-content\/uploads\/2022\/10\/Cascanueces-300x317.png 300w, https:\/\/origenes.unam.edu.ar\/wp-content\/uploads\/2022\/10\/Cascanueces-850x898.png 850w\" sizes=\"auto, (max-width: 640px) 100vw, 640px\" \/>\t\t\t\t\t\t\t\t<\/a>\n\t\t\t\t\t\t\t\t\t\t\t<figcaption class=\"widget-image-caption wp-caption-text\">Paranthropus boisei<\/figcaption>\n\t\t\t\t\t\t\t\t\t\t<\/figure>\n\t\t\t\t\t\t\t\t\t<\/div>\n\t\t\t\t<\/div>\n\t\t\t\t\t<\/div>\n\t\t<\/div>\n\t\t\t\t\t\t\t<\/div>\n\t\t<\/section>\n\t\t\t\t<section class=\"elementor-section elementor-top-section elementor-element elementor-element-a0db1c9 elementor-section-boxed elementor-section-height-default elementor-section-height-default\" data-id=\"a0db1c9\" data-element_type=\"section\">\n\t\t\t\t\t\t<div class=\"elementor-container elementor-column-gap-default\">\n\t\t\t\t\t<div class=\"elementor-column elementor-col-33 elementor-top-column elementor-element elementor-element-0d73a20\" data-id=\"0d73a20\" data-element_type=\"column\">\n\t\t\t<div class=\"elementor-widget-wrap elementor-element-populated\">\n\t\t\t\t\t\t\t\t<div class=\"elementor-element elementor-element-6e83f00 elementor-widget elementor-widget-image\" data-id=\"6e83f00\" data-element_type=\"widget\" data-widget_type=\"image.default\">\n\t\t\t\t<div class=\"elementor-widget-container\">\n\t\t\t\t\t\t\t\t\t\t\t\t<figure class=\"wp-caption\">\n\t\t\t\t\t\t\t\t\t\t\t<a href=\"https:\/\/origenes.unam.edu.ar\/index.php\/turkana\/\">\n\t\t\t\t\t\t\t<img loading=\"lazy\" decoding=\"async\" width=\"640\" height=\"676\" src=\"https:\/\/origenes.unam.edu.ar\/wp-content\/uploads\/2022\/10\/Muchacho-de-Turkana-969x1024.png\" class=\"attachment-large size-large\" alt=\"\" srcset=\"https:\/\/origenes.unam.edu.ar\/wp-content\/uploads\/2022\/10\/Muchacho-de-Turkana-969x1024.png 969w, https:\/\/origenes.unam.edu.ar\/wp-content\/uploads\/2022\/10\/Muchacho-de-Turkana-284x300.png 284w, https:\/\/origenes.unam.edu.ar\/wp-content\/uploads\/2022\/10\/Muchacho-de-Turkana-768x811.png 768w, https:\/\/origenes.unam.edu.ar\/wp-content\/uploads\/2022\/10\/Muchacho-de-Turkana-1454x1536.png 1454w, https:\/\/origenes.unam.edu.ar\/wp-content\/uploads\/2022\/10\/Muchacho-de-Turkana-1939x2048.png 1939w, https:\/\/origenes.unam.edu.ar\/wp-content\/uploads\/2022\/10\/Muchacho-de-Turkana-300x317.png 300w, https:\/\/origenes.unam.edu.ar\/wp-content\/uploads\/2022\/10\/Muchacho-de-Turkana-850x898.png 850w\" sizes=\"auto, (max-width: 640px) 100vw, 640px\" \/>\t\t\t\t\t\t\t\t<\/a>\n\t\t\t\t\t\t\t\t\t\t\t<figcaption class=\"widget-image-caption wp-caption-text\">Homo erectus<\/figcaption>\n\t\t\t\t\t\t\t\t\t\t<\/figure>\n\t\t\t\t\t\t\t\t\t<\/div>\n\t\t\t\t<\/div>\n\t\t\t\t\t<\/div>\n\t\t<\/div>\n\t\t\t\t<div class=\"elementor-column elementor-col-33 elementor-top-column elementor-element elementor-element-3e893e6\" data-id=\"3e893e6\" data-element_type=\"column\">\n\t\t\t<div class=\"elementor-widget-wrap elementor-element-populated\">\n\t\t\t\t\t\t\t\t<div class=\"elementor-element elementor-element-ff651f5 elementor-widget elementor-widget-image\" data-id=\"ff651f5\" data-element_type=\"widget\" data-widget_type=\"image.default\">\n\t\t\t\t<div class=\"elementor-widget-container\">\n\t\t\t\t\t\t\t\t\t\t\t\t<figure class=\"wp-caption\">\n\t\t\t\t\t\t\t\t\t\t\t<a href=\"https:\/\/origenes.unam.edu.ar\/index.php\/neanderthal\/\">\n\t\t\t\t\t\t\t<img loading=\"lazy\" decoding=\"async\" width=\"640\" height=\"676\" src=\"https:\/\/origenes.unam.edu.ar\/wp-content\/uploads\/2022\/10\/Nandy-768x811.png\" class=\"attachment-medium_large size-medium_large\" alt=\"\" srcset=\"https:\/\/origenes.unam.edu.ar\/wp-content\/uploads\/2022\/10\/Nandy-768x811.png 768w, https:\/\/origenes.unam.edu.ar\/wp-content\/uploads\/2022\/10\/Nandy-284x300.png 284w, https:\/\/origenes.unam.edu.ar\/wp-content\/uploads\/2022\/10\/Nandy-969x1024.png 969w, https:\/\/origenes.unam.edu.ar\/wp-content\/uploads\/2022\/10\/Nandy-1454x1536.png 1454w, https:\/\/origenes.unam.edu.ar\/wp-content\/uploads\/2022\/10\/Nandy-1939x2048.png 1939w, https:\/\/origenes.unam.edu.ar\/wp-content\/uploads\/2022\/10\/Nandy-300x317.png 300w, https:\/\/origenes.unam.edu.ar\/wp-content\/uploads\/2022\/10\/Nandy-850x898.png 850w\" sizes=\"auto, (max-width: 640px) 100vw, 640px\" \/>\t\t\t\t\t\t\t\t<\/a>\n\t\t\t\t\t\t\t\t\t\t\t<figcaption class=\"widget-image-caption wp-caption-text\">Homo neanderthalensis<\/figcaption>\n\t\t\t\t\t\t\t\t\t\t<\/figure>\n\t\t\t\t\t\t\t\t\t<\/div>\n\t\t\t\t<\/div>\n\t\t\t\t\t<\/div>\n\t\t<\/div>\n\t\t\t\t<div class=\"elementor-column elementor-col-33 elementor-top-column elementor-element elementor-element-2dcc1d0\" data-id=\"2dcc1d0\" data-element_type=\"column\">\n\t\t\t<div class=\"elementor-widget-wrap elementor-element-populated\">\n\t\t\t\t\t\t\t\t<div class=\"elementor-element elementor-element-d814fd0 elementor-widget elementor-widget-image\" data-id=\"d814fd0\" data-element_type=\"widget\" data-widget_type=\"image.default\">\n\t\t\t\t<div class=\"elementor-widget-container\">\n\t\t\t\t\t\t\t\t\t\t\t\t<figure class=\"wp-caption\">\n\t\t\t\t\t\t\t\t\t\t\t<a href=\"https:\/\/origenes.unam.edu.ar\/index.php\/humanx\/\">\n\t\t\t\t\t\t\t<img loading=\"lazy\" decoding=\"async\" width=\"640\" height=\"676\" src=\"https:\/\/origenes.unam.edu.ar\/wp-content\/uploads\/2022\/10\/Sapiens-768x811.png\" class=\"attachment-medium_large size-medium_large\" alt=\"\" srcset=\"https:\/\/origenes.unam.edu.ar\/wp-content\/uploads\/2022\/10\/Sapiens-768x811.png 768w, https:\/\/origenes.unam.edu.ar\/wp-content\/uploads\/2022\/10\/Sapiens-284x300.png 284w, https:\/\/origenes.unam.edu.ar\/wp-content\/uploads\/2022\/10\/Sapiens-969x1024.png 969w, https:\/\/origenes.unam.edu.ar\/wp-content\/uploads\/2022\/10\/Sapiens-1454x1536.png 1454w, https:\/\/origenes.unam.edu.ar\/wp-content\/uploads\/2022\/10\/Sapiens-1939x2048.png 1939w, https:\/\/origenes.unam.edu.ar\/wp-content\/uploads\/2022\/10\/Sapiens-300x317.png 300w, https:\/\/origenes.unam.edu.ar\/wp-content\/uploads\/2022\/10\/Sapiens-850x898.png 850w\" sizes=\"auto, (max-width: 640px) 100vw, 640px\" \/>\t\t\t\t\t\t\t\t<\/a>\n\t\t\t\t\t\t\t\t\t\t\t<figcaption class=\"widget-image-caption wp-caption-text\">Homo sapiens<\/figcaption>\n\t\t\t\t\t\t\t\t\t\t<\/figure>\n\t\t\t\t\t\t\t\t\t<\/div>\n\t\t\t\t<\/div>\n\t\t\t\t\t<\/div>\n\t\t<\/div>\n\t\t\t\t\t\t\t<\/div>\n\t\t<\/section>\n\t\t\t\t\t\t\t<\/div>\n\t\t","protected":false},"excerpt":{"rendered":"<p>Australopithecus afarensis Australopithecus africanus Paranthropus boisei Homo erectus Homo neanderthalensis Homo sapiens<\/p>\n","protected":false},"author":3,"featured_media":0,"parent":0,"menu_order":0,"comment_status":"closed","ping_status":"closed","template":"","meta":{"footnotes":""},"class_list":["post-104","page","type-page","status-publish","hentry"],"yoast_head":"<!-- This site is optimized with the Yoast SEO plugin v19.8 - https:\/\/yoast.com\/wordpress\/plugins\/seo\/ -->\n<title>- ORIGENES<\/title>\n<meta name=\"description\" content=\"Proyecto de divulgaci\u00f3n cient\u00edfica sobre evoluci\u00f3n humana\" \/>\n<meta name=\"robots\" content=\"index, follow, max-snippet:-1, max-image-preview:large, max-video-preview:-1\" \/>\n<link rel=\"canonical\" href=\"https:\/\/origenes.unam.edu.ar\/\" \/>\n<meta property=\"og:locale\" content=\"es_ES\" \/>\n<meta property=\"og:type\" content=\"article\" \/>\n<meta property=\"og:title\" content=\"- ORIGENES\" \/>\n<meta property=\"og:description\" content=\"Proyecto de divulgaci\u00f3n cient\u00edfica sobre evoluci\u00f3n humana\" \/>\n<meta property=\"og:url\" content=\"https:\/\/origenes.unam.edu.ar\/\" \/>\n<meta property=\"og:site_name\" content=\"ORIGENES\" \/>\n<meta property=\"article:modified_time\" content=\"2023-01-22T05:28:49+00:00\" \/>\n<meta property=\"og:image\" content=\"http:\/\/origenes.unam.edu.ar\/wp-content\/uploads\/2022\/07\/Lucy-768x811.png\" \/>\n<meta name=\"twitter:card\" content=\"summary_large_image\" \/>\n<meta name=\"twitter:label1\" content=\"Tiempo de lectura\" \/>\n\t<meta name=\"twitter:data1\" content=\"2 minutos\" \/>\n<script type=\"application\/ld+json\" class=\"yoast-schema-graph\">{\"@context\":\"https:\/\/schema.org\",\"@graph\":[{\"@type\":\"WebPage\",\"@id\":\"https:\/\/origenes.unam.edu.ar\/\",\"url\":\"https:\/\/origenes.unam.edu.ar\/\",\"name\":\"- ORIGENES\",\"isPartOf\":{\"@id\":\"https:\/\/origenes.unam.edu.ar\/#website\"},\"datePublished\":\"2022-10-19T18:00:56+00:00\",\"dateModified\":\"2023-01-22T05:28:49+00:00\",\"description\":\"Proyecto de divulgaci\u00f3n cient\u00edfica sobre evoluci\u00f3n humana\",\"inLanguage\":\"es-AR\",\"potentialAction\":[{\"@type\":\"ReadAction\",\"target\":[\"https:\/\/origenes.unam.edu.ar\/\"]}]},{\"@type\":\"WebSite\",\"@id\":\"https:\/\/origenes.unam.edu.ar\/#website\",\"url\":\"https:\/\/origenes.unam.edu.ar\/\",\"name\":\"ORIGENES\",\"description\":\"Evoluci\u00f3n humana\",\"publisher\":{\"@id\":\"https:\/\/origenes.unam.edu.ar\/#organization\"},\"potentialAction\":[{\"@type\":\"SearchAction\",\"target\":{\"@type\":\"EntryPoint\",\"urlTemplate\":\"https:\/\/origenes.unam.edu.ar\/?s={search_term_string}\"},\"query-input\":\"required name=search_term_string\"}],\"inLanguage\":\"es-AR\"},{\"@type\":\"Organization\",\"@id\":\"https:\/\/origenes.unam.edu.ar\/#organization\",\"name\":\"ORIGENES\",\"url\":\"https:\/\/origenes.unam.edu.ar\/\",\"sameAs\":[\"https:\/\/www.instagram.com\/evolucion.origenes\/\"],\"logo\":{\"@type\":\"ImageObject\",\"inLanguage\":\"es-AR\",\"@id\":\"https:\/\/origenes.unam.edu.ar\/#\/schema\/logo\/image\/\",\"url\":\"https:\/\/origenes.unam.edu.ar\/wp-content\/uploads\/2022\/07\/tipo-color-sin-puntero-1.png\",\"contentUrl\":\"https:\/\/origenes.unam.edu.ar\/wp-content\/uploads\/2022\/07\/tipo-color-sin-puntero-1.png\",\"width\":3903,\"height\":866,\"caption\":\"ORIGENES\"},\"image\":{\"@id\":\"https:\/\/origenes.unam.edu.ar\/#\/schema\/logo\/image\/\"}}]}<\/script>\n<!-- \/ Yoast SEO plugin. -->","yoast_head_json":{"title":"- ORIGENES","description":"Proyecto de divulgaci\u00f3n cient\u00edfica sobre evoluci\u00f3n humana","robots":{"index":"index","follow":"follow","max-snippet":"max-snippet:-1","max-image-preview":"max-image-preview:large","max-video-preview":"max-video-preview:-1"},"canonical":"https:\/\/origenes.unam.edu.ar\/","og_locale":"es_ES","og_type":"article","og_title":"- ORIGENES","og_description":"Proyecto de divulgaci\u00f3n cient\u00edfica sobre evoluci\u00f3n humana","og_url":"https:\/\/origenes.unam.edu.ar\/","og_site_name":"ORIGENES","article_modified_time":"2023-01-22T05:28:49+00:00","og_image":[{"url":"http:\/\/origenes.unam.edu.ar\/wp-content\/uploads\/2022\/07\/Lucy-768x811.png"}],"twitter_card":"summary_large_image","twitter_misc":{"Tiempo de lectura":"2 minutos"},"schema":{"@context":"https:\/\/schema.org","@graph":[{"@type":"WebPage","@id":"https:\/\/origenes.unam.edu.ar\/","url":"https:\/\/origenes.unam.edu.ar\/","name":"- ORIGENES","isPartOf":{"@id":"https:\/\/origenes.unam.edu.ar\/#website"},"datePublished":"2022-10-19T18:00:56+00:00","dateModified":"2023-01-22T05:28:49+00:00","description":"Proyecto de divulgaci\u00f3n cient\u00edfica sobre evoluci\u00f3n humana","inLanguage":"es-AR","potentialAction":[{"@type":"ReadAction","target":["https:\/\/origenes.unam.edu.ar\/"]}]},{"@type":"WebSite","@id":"https:\/\/origenes.unam.edu.ar\/#website","url":"https:\/\/origenes.unam.edu.ar\/","name":"ORIGENES","description":"Evoluci\u00f3n humana","publisher":{"@id":"https:\/\/origenes.unam.edu.ar\/#organization"},"potentialAction":[{"@type":"SearchAction","target":{"@type":"EntryPoint","urlTemplate":"https:\/\/origenes.unam.edu.ar\/?s={search_term_string}"},"query-input":"required name=search_term_string"}],"inLanguage":"es-AR"},{"@type":"Organization","@id":"https:\/\/origenes.unam.edu.ar\/#organization","name":"ORIGENES","url":"https:\/\/origenes.unam.edu.ar\/","sameAs":["https:\/\/www.instagram.com\/evolucion.origenes\/"],"logo":{"@type":"ImageObject","inLanguage":"es-AR","@id":"https:\/\/origenes.unam.edu.ar\/#\/schema\/logo\/image\/","url":"https:\/\/origenes.unam.edu.ar\/wp-content\/uploads\/2022\/07\/tipo-color-sin-puntero-1.png","contentUrl":"https:\/\/origenes.unam.edu.ar\/wp-content\/uploads\/2022\/07\/tipo-color-sin-puntero-1.png","width":3903,"height":866,"caption":"ORIGENES"},"image":{"@id":"https:\/\/origenes.unam.edu.ar\/#\/schema\/logo\/image\/"}}]}},"_links":{"self":[{"href":"https:\/\/origenes.unam.edu.ar\/index.php\/wp-json\/wp\/v2\/pages\/104","targetHints":{"allow":["GET"]}}],"collection":[{"href":"https:\/\/origenes.unam.edu.ar\/index.php\/wp-json\/wp\/v2\/pages"}],"about":[{"href":"https:\/\/origenes.unam.edu.ar\/index.php\/wp-json\/wp\/v2\/types\/page"}],"author":[{"embeddable":true,"href":"https:\/\/origenes.unam.edu.ar\/index.php\/wp-json\/wp\/v2\/users\/3"}],"replies":[{"embeddable":true,"href":"https:\/\/origenes.unam.edu.ar\/index.php\/wp-json\/wp\/v2\/comments?post=104"}],"version-history":[{"count":49,"href":"https:\/\/origenes.unam.edu.ar\/index.php\/wp-json\/wp\/v2\/pages\/104\/revisions"}],"predecessor-version":[{"id":466,"href":"https:\/\/origenes.unam.edu.ar\/index.php\/wp-json\/wp\/v2\/pages\/104\/revisions\/466"}],"wp:attachment":[{"href":"https:\/\/origenes.unam.edu.ar\/index.php\/wp-json\/wp\/v2\/media?parent=104"}],"curies":[{"name":"wp","href":"https:\/\/api.w.org\/{rel}","templated":true}]}}